{"id":2,"date":"2025-01-28T20:54:34","date_gmt":"2025-01-28T20:54:34","guid":{"rendered":"https:\/\/oriondatacloud.com\/?page_id=2"},"modified":"2025-12-30T05:13:08","modified_gmt":"2025-12-30T05:13:08","slug":"sample-page","status":"publish","type":"page","link":"https:\/\/oriondatacloud.com\/index.php\/sample-page\/","title":{"rendered":"Nosotros"},"content":{"rendered":"\t\t<div data-elementor-type=\"wp-page\" data-elementor-id=\"2\" class=\"elementor elementor-2\">\n\t\t\t\t<div class=\"elementor-element elementor-element-2ff2e80 e-flex e-con-boxed e-con e-parent\" data-id=\"2ff2e80\" data-element_type=\"container\" data-settings=\"{&quot;background_background&quot;:&quot;classic&quot;}\">\n\t\t\t\t\t<div class=\"e-con-inner\">\n\t\t\t\t\t<\/div>\n\t\t\t\t<\/div>\n\t\t<div class=\"elementor-element elementor-element-77856302 e-flex e-con-boxed e-con e-parent\" data-id=\"77856302\" data-element_type=\"container\">\n\t\t\t\t\t<div class=\"e-con-inner\">\n\t\t\t\t<div class=\"elementor-element elementor-element-2d83dd53 elementor-widget elementor-widget-text-editor\" data-id=\"2d83dd53\" data-element_type=\"widget\" data-widget_type=\"text-editor.default\">\n\t\t\t\t<div class=\"elementor-widget-container\">\n\t\t\t\t\t\t\t\t\t\n<p>ORION DATACLOUD C.A. fundada en el 2024 es una empresa Venezolana de servicio del \u00e1rea tecnol\u00f3gica, que tiene como misi\u00f3n brindar soporte t\u00e9cnico desde equipos de c\u00f3mputo b\u00e1sica, como PCs de escritorios hasta infraestructuras IT complejas implementadas en grandes empresas e industrias.<\/p>\n<p>Dise\u00f1ar e implementar redes de datos de peque\u00f1a a gran escala tomando en cuenta los est\u00e1ndares internacionales de comunicaci\u00f3n y los lineamientos que garantizan la calidad del servicio.<\/p>\n<p>Brindar soluciones t\u00e9cnicas y dar respuestas a problem\u00e1ticas en el menor tiempo posible.<\/p>\n<p>Realizar estudios de posibles vulnerabilidades, detectar brechas de seguridad para establecer pol\u00edticas de ciber seguridad robustas y confiables. Realizar an\u00e1lisis de sistemas comprometidos para extraer informaci\u00f3n sensible con t\u00e9cnicas de inform\u00e1tica forense<\/p>\n\n<blockquote class=\"wp-block-quote is-layout-flow wp-block-quote-is-layout-flow\">\n<p>La misi\u00f3n m\u00e1s importante de nuestra empresa es que a trav\u00e9s de nuestro assessment proporcionamos informaci\u00f3n y soluciones robustas y eficientes de backup que permiten garantizar la Integridad de los datos, inclusive ante desastres, incidencias como errores humanos o accidentes o fallas t\u00e9cnicas.<\/p>\n<\/blockquote>\n\n<p>\u00a0<\/p>\n\n<p class=\"is-layout-flow wp-block-quote-is-layout-flow\">ORION DATACLOUD C.A. Proporciona en sus dise\u00f1os Sistemas redundantes a nivel de carga para mantener la continuidad el\u00e9ctrica a trav\u00e9s de UPS, INVERSORES O ATS de los grupos electr\u00f3genos considerando el c\u00f3digo el\u00e9ctrico venezolano y a nivel de Redes de datos se establecen protocolos de comunicaci\u00f3n que establecen conexiones ininterrumpidas dentro de las empresas para mantener la operatividad de los sistemas de misi\u00f3n cr\u00edtica.<\/p>\n<p>Prevenir interrupciones de servicios a trav\u00e9s de pol\u00edticas de monitoreos 24\/7 365 y as\u00ed detectar o anticipar posibles fallas de los sistemas o la infraestructura IT.<\/p>\n<p>Establecer procesos de Assessment y brindar a las empresas Venezolanas documentaci\u00f3n, costo y material t\u00e9cnico para corregir o realizar upgrade de los sistemas e infraestructura IT.<\/p>\n<p>Dise\u00f1ar sistemas hiperconvergentes que brindan flexibilidad y adaptabilidad a la infreastructa IT unificando tecnolog\u00edas y procesos para reducir costos y brindar mayor eficiencia.<\/p>\n\t\t\t\t\t\t\t\t<\/div>\n\t\t\t\t<\/div>\n\t\t\t\t\t<\/div>\n\t\t\t\t<\/div>\n\t\t\t\t<\/div>\n\t\t","protected":false},"excerpt":{"rendered":"<p>ORION DATACLOUD C.A. fundada en el 2024 es una empresa Venezolana de servicio del \u00e1rea tecnol\u00f3gica, que tiene como misi\u00f3n brindar soporte t\u00e9cnico desde equipos de c\u00f3mputo b\u00e1sica, como PCs de escritorios hasta infraestructuras IT complejas implementadas en grandes empresas e industrias. Dise\u00f1ar e implementar redes de datos de peque\u00f1a a gran escala tomando en [&hellip;]<\/p>\n","protected":false},"author":2,"featured_media":0,"parent":0,"menu_order":0,"comment_status":"closed","ping_status":"closed","template":"","meta":{"footnotes":""},"class_list":["post-2","page","type-page","status-publish","hentry"],"blocksy_meta":[],"yoast_head":"<!-- This site is optimized with the Yoast SEO plugin v26.6 - https:\/\/yoast.com\/wordpress\/plugins\/seo\/ -->\n<title>Nosotros - ORION DATACLOUD<\/title>\n<meta name=\"robots\" content=\"index, follow, max-snippet:-1, max-image-preview:large, max-video-preview:-1\" \/>\n<link rel=\"canonical\" href=\"https:\/\/oriondatacloud.com\/index.php\/sample-page\/\" \/>\n<meta property=\"og:locale\" content=\"es_ES\" \/>\n<meta property=\"og:type\" content=\"article\" \/>\n<meta property=\"og:title\" content=\"Nosotros - ORION DATACLOUD\" \/>\n<meta property=\"og:description\" content=\"ORION DATACLOUD C.A. fundada en el 2024 es una empresa Venezolana de servicio del \u00e1rea tecnol\u00f3gica, que tiene como misi\u00f3n brindar soporte t\u00e9cnico desde equipos de c\u00f3mputo b\u00e1sica, como PCs de escritorios hasta infraestructuras IT complejas implementadas en grandes empresas e industrias. Dise\u00f1ar e implementar redes de datos de peque\u00f1a a gran escala tomando en [&hellip;]\" \/>\n<meta property=\"og:url\" content=\"https:\/\/oriondatacloud.com\/index.php\/sample-page\/\" \/>\n<meta property=\"og:site_name\" content=\"ORION DATACLOUD\" \/>\n<meta property=\"article:modified_time\" content=\"2025-12-30T05:13:08+00:00\" \/>\n<meta name=\"twitter:card\" content=\"summary_large_image\" \/>\n<meta name=\"twitter:label1\" content=\"Tiempo estimado de lectura\" \/>\n\t<meta name=\"twitter:data1\" content=\"2 minutos\" \/>\n<script type=\"application\/ld+json\" class=\"yoast-schema-graph\">{\"@context\":\"https:\/\/schema.org\",\"@graph\":[{\"@type\":\"WebPage\",\"@id\":\"https:\/\/oriondatacloud.com\/index.php\/sample-page\/\",\"url\":\"https:\/\/oriondatacloud.com\/index.php\/sample-page\/\",\"name\":\"Nosotros - ORION DATACLOUD\",\"isPartOf\":{\"@id\":\"https:\/\/oriondatacloud.com\/#website\"},\"datePublished\":\"2025-01-28T20:54:34+00:00\",\"dateModified\":\"2025-12-30T05:13:08+00:00\",\"breadcrumb\":{\"@id\":\"https:\/\/oriondatacloud.com\/index.php\/sample-page\/#breadcrumb\"},\"inLanguage\":\"es\",\"potentialAction\":[{\"@type\":\"ReadAction\",\"target\":[\"https:\/\/oriondatacloud.com\/index.php\/sample-page\/\"]}]},{\"@type\":\"BreadcrumbList\",\"@id\":\"https:\/\/oriondatacloud.com\/index.php\/sample-page\/#breadcrumb\",\"itemListElement\":[{\"@type\":\"ListItem\",\"position\":1,\"name\":\"Portada\",\"item\":\"https:\/\/oriondatacloud.com\/\"},{\"@type\":\"ListItem\",\"position\":2,\"name\":\"Nosotros\"}]},{\"@type\":\"WebSite\",\"@id\":\"https:\/\/oriondatacloud.com\/#website\",\"url\":\"https:\/\/oriondatacloud.com\/\",\"name\":\"ORION DATACLOUD\",\"description\":\"L\u00edder en servicios tecnol\u00f3gicos, redes de datos e infraestructura IT\",\"publisher\":{\"@id\":\"https:\/\/oriondatacloud.com\/#organization\"},\"alternateName\":\"oriondatacloud.com\",\"potentialAction\":[{\"@type\":\"SearchAction\",\"target\":{\"@type\":\"EntryPoint\",\"urlTemplate\":\"https:\/\/oriondatacloud.com\/?s={search_term_string}\"},\"query-input\":{\"@type\":\"PropertyValueSpecification\",\"valueRequired\":true,\"valueName\":\"search_term_string\"}}],\"inLanguage\":\"es\"},{\"@type\":\"Organization\",\"@id\":\"https:\/\/oriondatacloud.com\/#organization\",\"name\":\"ORION DATACLOUD\",\"url\":\"https:\/\/oriondatacloud.com\/\",\"logo\":{\"@type\":\"ImageObject\",\"inLanguage\":\"es\",\"@id\":\"https:\/\/oriondatacloud.com\/#\/schema\/logo\/image\/\",\"url\":\"https:\/\/oriondatacloud.com\/wp-content\/uploads\/2025\/12\/Presentacion1-2-artguru.png\",\"contentUrl\":\"https:\/\/oriondatacloud.com\/wp-content\/uploads\/2025\/12\/Presentacion1-2-artguru.png\",\"width\":1024,\"height\":576,\"caption\":\"ORION DATACLOUD\"},\"image\":{\"@id\":\"https:\/\/oriondatacloud.com\/#\/schema\/logo\/image\/\"}}]}<\/script>\n<!-- \/ Yoast SEO plugin. -->","yoast_head_json":{"title":"Nosotros - ORION DATACLOUD","robots":{"index":"index","follow":"follow","max-snippet":"max-snippet:-1","max-image-preview":"max-image-preview:large","max-video-preview":"max-video-preview:-1"},"canonical":"https:\/\/oriondatacloud.com\/index.php\/sample-page\/","og_locale":"es_ES","og_type":"article","og_title":"Nosotros - ORION DATACLOUD","og_description":"ORION DATACLOUD C.A. fundada en el 2024 es una empresa Venezolana de servicio del \u00e1rea tecnol\u00f3gica, que tiene como misi\u00f3n brindar soporte t\u00e9cnico desde equipos de c\u00f3mputo b\u00e1sica, como PCs de escritorios hasta infraestructuras IT complejas implementadas en grandes empresas e industrias. Dise\u00f1ar e implementar redes de datos de peque\u00f1a a gran escala tomando en [&hellip;]","og_url":"https:\/\/oriondatacloud.com\/index.php\/sample-page\/","og_site_name":"ORION DATACLOUD","article_modified_time":"2025-12-30T05:13:08+00:00","twitter_card":"summary_large_image","twitter_misc":{"Tiempo estimado de lectura":"2 minutos"},"schema":{"@context":"https:\/\/schema.org","@graph":[{"@type":"WebPage","@id":"https:\/\/oriondatacloud.com\/index.php\/sample-page\/","url":"https:\/\/oriondatacloud.com\/index.php\/sample-page\/","name":"Nosotros - ORION DATACLOUD","isPartOf":{"@id":"https:\/\/oriondatacloud.com\/#website"},"datePublished":"2025-01-28T20:54:34+00:00","dateModified":"2025-12-30T05:13:08+00:00","breadcrumb":{"@id":"https:\/\/oriondatacloud.com\/index.php\/sample-page\/#breadcrumb"},"inLanguage":"es","potentialAction":[{"@type":"ReadAction","target":["https:\/\/oriondatacloud.com\/index.php\/sample-page\/"]}]},{"@type":"BreadcrumbList","@id":"https:\/\/oriondatacloud.com\/index.php\/sample-page\/#breadcrumb","itemListElement":[{"@type":"ListItem","position":1,"name":"Portada","item":"https:\/\/oriondatacloud.com\/"},{"@type":"ListItem","position":2,"name":"Nosotros"}]},{"@type":"WebSite","@id":"https:\/\/oriondatacloud.com\/#website","url":"https:\/\/oriondatacloud.com\/","name":"ORION DATACLOUD","description":"L\u00edder en servicios tecnol\u00f3gicos, redes de datos e infraestructura IT","publisher":{"@id":"https:\/\/oriondatacloud.com\/#organization"},"alternateName":"oriondatacloud.com","potentialAction":[{"@type":"SearchAction","target":{"@type":"EntryPoint","urlTemplate":"https:\/\/oriondatacloud.com\/?s={search_term_string}"},"query-input":{"@type":"PropertyValueSpecification","valueRequired":true,"valueName":"search_term_string"}}],"inLanguage":"es"},{"@type":"Organization","@id":"https:\/\/oriondatacloud.com\/#organization","name":"ORION DATACLOUD","url":"https:\/\/oriondatacloud.com\/","logo":{"@type":"ImageObject","inLanguage":"es","@id":"https:\/\/oriondatacloud.com\/#\/schema\/logo\/image\/","url":"https:\/\/oriondatacloud.com\/wp-content\/uploads\/2025\/12\/Presentacion1-2-artguru.png","contentUrl":"https:\/\/oriondatacloud.com\/wp-content\/uploads\/2025\/12\/Presentacion1-2-artguru.png","width":1024,"height":576,"caption":"ORION DATACLOUD"},"image":{"@id":"https:\/\/oriondatacloud.com\/#\/schema\/logo\/image\/"}}]}},"_links":{"self":[{"href":"https:\/\/oriondatacloud.com\/index.php\/wp-json\/wp\/v2\/pages\/2","targetHints":{"allow":["GET"]}}],"collection":[{"href":"https:\/\/oriondatacloud.com\/index.php\/wp-json\/wp\/v2\/pages"}],"about":[{"href":"https:\/\/oriondatacloud.com\/index.php\/wp-json\/wp\/v2\/types\/page"}],"author":[{"embeddable":true,"href":"https:\/\/oriondatacloud.com\/index.php\/wp-json\/wp\/v2\/users\/2"}],"replies":[{"embeddable":true,"href":"https:\/\/oriondatacloud.com\/index.php\/wp-json\/wp\/v2\/comments?post=2"}],"version-history":[{"count":20,"href":"https:\/\/oriondatacloud.com\/index.php\/wp-json\/wp\/v2\/pages\/2\/revisions"}],"predecessor-version":[{"id":432,"href":"https:\/\/oriondatacloud.com\/index.php\/wp-json\/wp\/v2\/pages\/2\/revisions\/432"}],"wp:attachment":[{"href":"https:\/\/oriondatacloud.com\/index.php\/wp-json\/wp\/v2\/media?parent=2"}],"curies":[{"name":"wp","href":"https:\/\/api.w.org\/{rel}","templated":true}]}}